{"id":2,"date":"2023-02-14T13:36:36","date_gmt":"2023-02-14T13:36:36","guid":{"rendered":"http:\/\/fransga.com\/?page_id=2"},"modified":"2023-09-22T18:03:54","modified_gmt":"2023-09-22T18:03:54","slug":"pagina-exemplo","status":"publish","type":"page","link":"https:\/\/fransga.com\/","title":{"rendered":""},"content":{"rendered":"\n<div class=\"wp-block-group is-vertical is-nowrap is-layout-flex wp-container-core-group-is-layout-1 wp-block-group-is-layout-flex\" style=\"padding-right:0;padding-left:0\">\n<p class=\"has-white-color has-text-color\" style=\"font-size:6vw;font-style:normal;font-weight:700;letter-spacing:0px;line-height:0.9;text-decoration:none;text-transform:none\">Servi\u00e7os<\/p>\n\n\n\n<p><\/p>\n\n\n            <div class=\"wp-block-icb-cards  align\" id='icbCards-f1863297-eb4f-4fc6-b56b-5552c22da96e' data-attributes='{&quot;clientId&quot;:&quot;f1863297-eb4f-4fc6-b56b-5552c22da96e&quot;,&quot;cards&quot;:[{&quot;background&quot;:{&quot;color&quot;:&quot;#fff&quot;},&quot;img&quot;:&quot;https:\\\/\\\/fransga.com\\\/wp-content\\\/uploads\\\/2023\\\/09\\\/pexels-laura-james-6097766-1-scaled.jpg&quot;,&quot;title&quot;:&quot;&quot;,&quot;desc&quot;:&quot;A FRANSGA, LDA, possui um portf\\u00f3lio de fornecimentos de materiais relacionados com o Petr\\u00f3leo e G\\u00e1s. Esse empreendimento \\u00e9 feito por meio de parcerias com fabricantes e distribuidores de renome.&lt;br&gt;Atrav\\u00e9s da nossa rede de fornecedores locais e internacionais oferecemos aos nossos clientes uma gama de comodidades que incluem:&quot;,&quot;btnLabal&quot;:&quot;Ver mais&quot;,&quot;btnUrl&quot;:&quot;https:\\\/\\\/fransga.com\\\/index.php\\\/sobre\\\/&quot;}],&quot;columns&quot;:{&quot;desktop&quot;:1,&quot;tablet&quot;:2,&quot;mobile&quot;:1},&quot;isImg&quot;:false,&quot;className&quot;:&quot;&quot;,&quot;align&quot;:&quot;&quot;,&quot;layout&quot;:&quot;vertical&quot;,&quot;theme&quot;:&quot;default&quot;,&quot;columnGap&quot;:&quot;20px&quot;,&quot;rowGap&quot;:&quot;20px&quot;,&quot;imgHeight&quot;:&quot;200px&quot;,&quot;imgPos&quot;:&quot;first&quot;,&quot;background&quot;:{&quot;color&quot;:&quot;#0000&quot;},&quot;padding&quot;:{&quot;top&quot;:&quot;0px&quot;,&quot;right&quot;:&quot;0x&quot;,&quot;bottom&quot;:&quot;0px&quot;,&quot;left&quot;:&quot;0px&quot;},&quot;cardPadding&quot;:{&quot;top&quot;:&quot;0px&quot;,&quot;right&quot;:&quot;0px&quot;,&quot;bottom&quot;:&quot;0px&quot;,&quot;left&quot;:&quot;0px&quot;},&quot;cardRadius&quot;:&quot;8px&quot;,&quot;cardShadow&quot;:[{&quot;hOffset&quot;:&quot;0px&quot;,&quot;vOffset&quot;:&quot;4px&quot;,&quot;blur&quot;:&quot;8px&quot;,&quot;spreed&quot;:&quot;0px&quot;,&quot;color&quot;:&quot;#0003&quot;}],&quot;contentAlign&quot;:&quot;left&quot;,&quot;contentPadding&quot;:{&quot;top&quot;:&quot;20px&quot;,&quot;right&quot;:&quot;15px&quot;,&quot;bottom&quot;:&quot;15px&quot;,&quot;left&quot;:&quot;15px&quot;},&quot;titleTypo&quot;:{&quot;fontSize&quot;:&quot;20&quot;},&quot;descTypo&quot;:{&quot;fontSize&quot;:&quot;16&quot;},&quot;btnTypo&quot;:{&quot;fontSize&quot;:15,&quot;textDecoration&quot;:&quot;none&quot;},&quot;btnAlign&quot;:&quot;left&quot;,&quot;btnColors&quot;:{&quot;color&quot;:&quot;#fff&quot;,&quot;bg&quot;:&quot;#4527a4&quot;},&quot;btnHovColors&quot;:{&quot;color&quot;:&quot;#fff&quot;,&quot;bg&quot;:&quot;#fe6601&quot;},&quot;btnPadding&quot;:{&quot;top&quot;:&quot;10px&quot;,&quot;right&quot;:&quot;15px&quot;,&quot;bottom&quot;:&quot;10px&quot;,&quot;left&quot;:&quot;15px&quot;},&quot;btnRadius&quot;:&quot;8px&quot;}'><\/div>\r\n\r\n            \n\n            <div class=\"wp-block-icb-cards  align\" id='icbCards-129dc6cf-0563-423d-a027-e449cefb1ef0' data-attributes='{&quot;clientId&quot;:&quot;129dc6cf-0563-423d-a027-e449cefb1ef0&quot;,&quot;cards&quot;:[{&quot;background&quot;:{&quot;color&quot;:&quot;#fff&quot;},&quot;img&quot;:&quot;https:\\\/\\\/fransga.com\\\/wp-content\\\/uploads\\\/2023\\\/09\\\/pexels-pixabay-327540-1-scaled.jpg&quot;,&quot;title&quot;:&quot;&lt;strong&gt;TERCEIRIZA\\u00c7\\u00c3O DE M\\u00c3O DE OBRA;&lt;\\\/strong&gt;&quot;,&quot;desc&quot;:&quot;Servi\\u00e7os de Soldadura, Fabrica\\u00e7\\u00e3o e Montagem de Andaimes; Inspec\\u00e7\\u00e3o rob\\u00f3tica de Tanques; NDT (Convencional e Avan\\u00e7ado); Inspec\\u00e7\\u00e3o RBI; Servi\\u00e7os de Calibra\\u00e7\\u00e3o; Laborat\\u00f3rio de Teste Mec\\u00e2nico e Metal\\u00fargico; Servi\\u00e7os de Manuten\\u00e7\\u00e3o em OIL E G\\u00c1S;&lt;br&gt;Inspec\\u00e7\\u00e3o de Helipoonto;&lt;br&gt;Arquitectura Naval e Engenharia offshore;&lt;br&gt;Gerenciamento de Projecto;&lt;br&gt;Inspe\\u00e7\\u00e3o de Lifting Equipamento;&quot;,&quot;btnLabal&quot;:&quot;Ver mais&quot;,&quot;btnUrl&quot;:&quot;https:\\\/\\\/fransga.com\\\/index.php\\\/sobre\\\/&quot;},{&quot;background&quot;:{&quot;color&quot;:&quot;#fff&quot;},&quot;img&quot;:&quot;http:\\\/\\\/fransga.com\\\/wp-content\\\/uploads\\\/2023\\\/02\\\/Logistica-01.jpg&quot;,&quot;title&quot;:&quot;&lt;b&gt;PROCUREMEN&lt;\\\/b&gt;&lt;strong&gt;T E&lt;\\\/strong&gt; &lt;strong&gt;LOGISTICA&lt;\\\/strong&gt;&quot;,&quot;desc&quot;:&quot;Equipamento de Seguran\\u00e7a e EPIs (PP) &lt;br&gt;. Equipamento Mar\\u00edtimo&lt;br&gt;. Explosivos e Pirotecnia&lt;br&gt;. Equipamento de combate a inc\\u00eandios&lt;br&gt;&lt;br&gt;. MRO- Manuten\\u00e7\\u00e3o Reparos e Opera\\u00e7\\u00f5es&lt;br&gt;. Material de Escrit\\u00f3rio e&lt;br&gt;. Consum\\u00edveis&lt;br&gt;. Componentes El\\u00e9ctricos e Electr\\u00f3nicos&lt;br&gt;. Materiais Inform\\u00e1ticos&lt;br&gt;. Lifting and Rigging&lt;br&gt;.Equipamentos&lt;br&gt;\\u00d3leos, Lubrificantes e Qu\\u00edmicos Industriais e&lt;br&gt;Outros.&quot;,&quot;btnLabal&quot;:&quot;Ver mais&quot;,&quot;btnUrl&quot;:&quot;https:\\\/\\\/fransga.com\\\/index.php\\\/sobre\\\/&quot;},{&quot;background&quot;:{&quot;color&quot;:&quot;#fff&quot;},&quot;img&quot;:&quot;http:\\\/\\\/fransga.com\\\/wp-content\\\/uploads\\\/2023\\\/09\\\/pexels-elias-gamez-10558599-scaled.jpg&quot;,&quot;title&quot;:&quot;&lt;strong&gt;TI - TECNOLOGIA DE INFORMA\\u00c7\\u00c3O&lt;\\\/strong&gt;&quot;,&quot;desc&quot;:&quot;A FRANSGA, LDA, possui um portf\\u00f3lio de fornecimentos de materiais relacionados a Inform\\u00e1tica, tamb\\u00e9m efetuamos Manuten\\u00e7\\u00e3o e Repara\\u00e7\\u00e3o de Computadores e Smartphone e outros dispositivos relacionados.&lt;br&gt;&lt;br&gt;&lt;strong&gt;MONTAGEM&lt;\\\/strong&gt; &lt;strong&gt;E&lt;\\\/strong&gt; &lt;strong&gt;CONFIGURA\\u00c7\\u00c3O&lt;\\\/strong&gt;&lt;br&gt;. Servidores&lt;br&gt;. Computadores comuns&lt;br&gt;. Computadores Gamer&lt;br&gt;. Roll Up&quot;,&quot;btnLabal&quot;:&quot;Ver mais&quot;,&quot;btnUrl&quot;:&quot;https:\\\/\\\/fransga.com\\\/index.php\\\/sobre\\\/&quot;}],&quot;columns&quot;:{&quot;desktop&quot;:1,&quot;tablet&quot;:2,&quot;mobile&quot;:1},&quot;columnGap&quot;:&quot;19px&quot;,&quot;background&quot;:{&quot;color&quot;:&quot;#0000&quot;,&quot;type&quot;:&quot;solid&quot;},&quot;padding&quot;:[],&quot;cardPadding&quot;:{&quot;top&quot;:&quot;0&quot;,&quot;right&quot;:&quot;0&quot;,&quot;bottom&quot;:&quot;0&quot;,&quot;left&quot;:&quot;0&quot;},&quot;cardShadow&quot;:[{&quot;hOffset&quot;:&quot;4px&quot;,&quot;vOffset&quot;:&quot;4px&quot;,&quot;blur&quot;:&quot;8px&quot;,&quot;spreed&quot;:&quot;0px&quot;,&quot;color&quot;:&quot;#0003&quot;}],&quot;titleTypo&quot;:{&quot;fontSize&quot;:{&quot;0&quot;:&quot;2&quot;,&quot;1&quot;:&quot;0&quot;,&quot;desktop&quot;:25}},&quot;titleColor&quot;:&quot;#000&quot;,&quot;descTypo&quot;:{&quot;fontSize&quot;:{&quot;0&quot;:&quot;1&quot;,&quot;1&quot;:&quot;6&quot;,&quot;desktop&quot;:14},&quot;fontFamily&quot;:&quot;Default&quot;,&quot;fontCategory&quot;:&quot;sans-serif&quot;,&quot;fontWeight&quot;:400,&quot;fontVariant&quot;:400,&quot;fontStyle&quot;:&quot;normal&quot;,&quot;textDecoration&quot;:&quot;auto&quot;,&quot;isUploadFont&quot;:true,&quot;textTransform&quot;:&quot;none&quot;},&quot;descColor&quot;:&quot;#000&quot;,&quot;btnColors&quot;:{&quot;color&quot;:&quot;#fff&quot;,&quot;bg&quot;:&quot;#4527a4&quot;},&quot;btnHovColors&quot;:{&quot;color&quot;:&quot;#fff&quot;,&quot;bg&quot;:&quot;#fe6601&quot;},&quot;className&quot;:&quot;&quot;,&quot;align&quot;:&quot;&quot;,&quot;layout&quot;:&quot;vertical&quot;,&quot;theme&quot;:&quot;default&quot;,&quot;rowGap&quot;:&quot;20px&quot;,&quot;isImg&quot;:true,&quot;imgHeight&quot;:&quot;200px&quot;,&quot;imgPos&quot;:&quot;first&quot;,&quot;cardRadius&quot;:&quot;8px&quot;,&quot;contentAlign&quot;:&quot;left&quot;,&quot;contentPadding&quot;:{&quot;top&quot;:&quot;20px&quot;,&quot;right&quot;:&quot;15px&quot;,&quot;bottom&quot;:&quot;15px&quot;,&quot;left&quot;:&quot;15px&quot;},&quot;btnTypo&quot;:{&quot;fontSize&quot;:15,&quot;textDecoration&quot;:&quot;none&quot;},&quot;btnAlign&quot;:&quot;left&quot;,&quot;btnPadding&quot;:{&quot;top&quot;:&quot;10px&quot;,&quot;right&quot;:&quot;15px&quot;,&quot;bottom&quot;:&quot;10px&quot;,&quot;left&quot;:&quot;15px&quot;},&quot;btnRadius&quot;:&quot;8px&quot;}'><\/div>\r\n\r\n            \n\n\n<p class=\"has-text-color\" style=\"color:#000000;font-size:6vw;font-style:normal;font-weight:700;letter-spacing:0px;line-height:0.9;text-decoration:none;text-transform:none\"> <\/p>\n\n\n\n<p><\/p>\n<\/div>\n\n\n\n<p class=\"has-white-color has-text-color\">MISS\u00c3O, VIS\u00c3O &amp; VALORES<\/p>\n\n\n            <div class=\"wp-block-icb-cards  align\" id='icbCards-5959c2d7-f1f0-4928-b437-0029f42b60a4' data-attributes='{&quot;clientId&quot;:&quot;5959c2d7-f1f0-4928-b437-0029f42b60a4&quot;,&quot;cards&quot;:[{&quot;background&quot;:{&quot;color&quot;:&quot;#fff&quot;},&quot;img&quot;:&quot;http:\\\/\\\/fransga.com\\\/wp-content\\\/uploads\\\/2023\\\/09\\\/pexels-pixabay-327540-scaled.jpg&quot;,&quot;title&quot;:&quot;&lt;strong&gt;MISS\\u00c3O&lt;\\\/strong&gt;&quot;,&quot;desc&quot;:&quot;Proporcionar com qualidade, solu\\u00e7\\u00f5es eficazes em presta\\u00e7\\u00e3o de servi\\u00e7os, harmonizando rapidez, tecnologia e \\u00e9tica profissional, proporcionando bem-estar a todos seus clientes e garantindo cada vez mais credibilidade, solidez e excel\\u00eancia no mercado.&quot;,&quot;btnLabal&quot;:&quot;Ver mais&quot;,&quot;btnUrl&quot;:&quot;https:\\\/\\\/fransga.com\\\/index.php\\\/sobre\\\/&quot;},{&quot;background&quot;:{&quot;color&quot;:&quot;#fff&quot;},&quot;img&quot;:&quot;http:\\\/\\\/fransga.com\\\/wp-content\\\/uploads\\\/2023\\\/05\\\/cropped-cropped-IMG-20221227-WA0006.jpg&quot;,&quot;title&quot;:&quot;&lt;strong&gt;VIS\\u00c3O&lt;\\\/strong&gt;&quot;,&quot;desc&quot;:&quot;Continuar sendo uma organiza\\u00e7\\u00e3o s\\u00f3lida, conhecida pela excel\\u00eancia em todos servi\\u00e7os prestados, e sustent\\u00e1vel, pelo aperfei\\u00e7oamento cont\\u00ednuo dos processos, pela valoriza\\u00e7\\u00e3o do capital humano e pela satisfa\\u00e7\\u00e3o gerada a todos seus clientes.&quot;,&quot;btnLabal&quot;:&quot;Ver mais&quot;,&quot;btnUrl&quot;:&quot;https:\\\/\\\/fransga.com\\\/index.php\\\/sobre\\\/&quot;}],&quot;columns&quot;:{&quot;desktop&quot;:2,&quot;tablet&quot;:2,&quot;mobile&quot;:1},&quot;background&quot;:{&quot;color&quot;:&quot;#0000&quot;},&quot;padding&quot;:{&quot;top&quot;:&quot;0px&quot;,&quot;right&quot;:&quot;0x&quot;,&quot;bottom&quot;:&quot;0px&quot;,&quot;left&quot;:&quot;0px&quot;},&quot;cardPadding&quot;:{&quot;top&quot;:&quot;0px&quot;,&quot;right&quot;:&quot;0px&quot;,&quot;bottom&quot;:&quot;0px&quot;,&quot;left&quot;:&quot;0px&quot;},&quot;cardShadow&quot;:[{&quot;hOffset&quot;:&quot;0px&quot;,&quot;vOffset&quot;:&quot;4px&quot;,&quot;blur&quot;:&quot;8px&quot;,&quot;spreed&quot;:&quot;0px&quot;,&quot;color&quot;:&quot;#0003&quot;}],&quot;contentPadding&quot;:{&quot;top&quot;:&quot;20px&quot;,&quot;right&quot;:&quot;15px&quot;,&quot;bottom&quot;:&quot;15px&quot;,&quot;left&quot;:&quot;15px&quot;},&quot;titleTypo&quot;:{&quot;fontSize&quot;:&quot;20&quot;},&quot;descTypo&quot;:{&quot;fontSize&quot;:&quot;16&quot;},&quot;btnTypo&quot;:{&quot;fontSize&quot;:15,&quot;textDecoration&quot;:&quot;none&quot;},&quot;btnColors&quot;:{&quot;color&quot;:&quot;#fff&quot;,&quot;bg&quot;:&quot;#4527a4&quot;},&quot;btnHovColors&quot;:{&quot;color&quot;:&quot;#fff&quot;,&quot;bg&quot;:&quot;#fe6601&quot;},&quot;btnPadding&quot;:{&quot;top&quot;:&quot;10px&quot;,&quot;right&quot;:&quot;15px&quot;,&quot;bottom&quot;:&quot;10px&quot;,&quot;left&quot;:&quot;15px&quot;},&quot;className&quot;:&quot;&quot;,&quot;align&quot;:&quot;&quot;,&quot;layout&quot;:&quot;vertical&quot;,&quot;theme&quot;:&quot;default&quot;,&quot;columnGap&quot;:&quot;20px&quot;,&quot;rowGap&quot;:&quot;20px&quot;,&quot;isImg&quot;:true,&quot;imgHeight&quot;:&quot;200px&quot;,&quot;imgPos&quot;:&quot;first&quot;,&quot;cardRadius&quot;:&quot;8px&quot;,&quot;contentAlign&quot;:&quot;left&quot;,&quot;btnAlign&quot;:&quot;left&quot;,&quot;btnRadius&quot;:&quot;8px&quot;}'><\/div>\r\n\r\n            \n\n\n<p><\/p>\n\n\n            <div class=\"wp-block-icb-cards  align\" id='icbCards-7651925e-dfdc-46c2-ac7a-7f822b6481c8' data-attributes='{&quot;clientId&quot;:&quot;7651925e-dfdc-46c2-ac7a-7f822b6481c8&quot;,&quot;cards&quot;:[{&quot;background&quot;:{&quot;color&quot;:&quot;#fff&quot;},&quot;img&quot;:&quot;http:\\\/\\\/fransga.com\\\/wp-content\\\/uploads\\\/2023\\\/09\\\/pexels-artem-podrez-5716025-scaled.jpg&quot;,&quot;title&quot;:&quot;&lt;strong&gt;VALORES&lt;\\\/strong&gt;&quot;,&quot;desc&quot;:&quot;Confian\\u00e7a&lt;br&gt;Toda a equipe \\u00e9 orientada a agir sempre de forma respons\\u00e1vel e \\u00e9tica, cumprindo com a palavra firmada e construindo rela\\u00e7\\u00f5es sustentadas pela credibilidade e pela seguran\\u00e7a.&lt;br&gt;Integridade e respeito&lt;br&gt;A FRANSGA age de forma correta e honesta, fortalecendo o respeito entre todos os seus colaboradores, fornecedores, clientes, acionistas e a comunidade em geral, sendo \\u00e9tica e transparente na comunica\\u00e7\\u00e3o e sempre preservando a integridade e a imagem da empresa&lt;br&gt;Foco no resultado&lt;br&gt;Focar \\u00e9 p\\u00f4r em evid\\u00eancia o que \\u00e9 relevante, percebendo, decidindo e planejando o tempo para a execu\\u00e7\\u00e3o do trabalho de forma eficiente, buscando solu\\u00e7\\u00f5es e estrat\\u00e9gias para a otimiza\\u00e7\\u00e3o dos processos , obtendo a capacidade para alcan\\u00e7ar seus objetivos com excel\\u00eancia e cumprindo as metas estabelecidas, garantindo a qualidade em tudo que \\u00e9 realizado.&lt;br&gt;Valoriza\\u00e7\\u00e3o humana&lt;br&gt;A FRANSGA valoriza o ambiente de trabalho para que as pessoas se sintam bem e estimuladas ao desenvolvimento contribuindo com suas qualidades. Preza pelas rela\\u00e7\\u00f5es de trabalho justas, dignas e que desafiem a criatividade e o engajamento dos colaboradores.&quot;,&quot;btnLabal&quot;:&quot;ver mais&quot;,&quot;btnUrl&quot;:&quot;https:\\\/\\\/fransga.com\\\/index.php\\\/sobre\\\/&quot;}],&quot;columns&quot;:{&quot;desktop&quot;:1,&quot;tablet&quot;:2,&quot;mobile&quot;:1},&quot;background&quot;:{&quot;color&quot;:&quot;#0000&quot;,&quot;type&quot;:&quot;image&quot;,&quot;gradient&quot;:&quot;linear-gradient(135deg, #00ff8f, #00a1ff)&quot;,&quot;image&quot;:{&quot;id&quot;:443,&quot;url&quot;:&quot;http:\\\/\\\/fransga.com\\\/wp-content\\\/uploads\\\/2023\\\/09\\\/pexels-artem-podrez-5716025-scaled.jpg&quot;,&quot;alt&quot;:&quot;&quot;,&quot;title&quot;:&quot;pexels-artem-podrez-5716025&quot;}},&quot;cardPadding&quot;:{&quot;top&quot;:&quot;0&quot;,&quot;right&quot;:&quot;0&quot;,&quot;bottom&quot;:&quot;0&quot;,&quot;left&quot;:&quot;0&quot;},&quot;titleColor&quot;:&quot;#000&quot;,&quot;descTypo&quot;:{&quot;fontSize&quot;:{&quot;0&quot;:&quot;1&quot;,&quot;1&quot;:&quot;6&quot;,&quot;desktop&quot;:13},&quot;textTransform&quot;:&quot;none&quot;},&quot;descColor&quot;:&quot;#000&quot;,&quot;btnColors&quot;:{&quot;color&quot;:&quot;#fff&quot;,&quot;bg&quot;:&quot;#4527a4&quot;},&quot;btnHovColors&quot;:{&quot;color&quot;:&quot;#fff&quot;,&quot;bg&quot;:&quot;#fe6601&quot;},&quot;className&quot;:&quot;&quot;,&quot;align&quot;:&quot;&quot;,&quot;layout&quot;:&quot;vertical&quot;,&quot;theme&quot;:&quot;default&quot;,&quot;columnGap&quot;:&quot;20px&quot;,&quot;rowGap&quot;:&quot;20px&quot;,&quot;isImg&quot;:true,&quot;imgHeight&quot;:&quot;200px&quot;,&quot;imgPos&quot;:&quot;first&quot;,&quot;padding&quot;:{&quot;top&quot;:&quot;0px&quot;,&quot;right&quot;:&quot;0x&quot;,&quot;bottom&quot;:&quot;0px&quot;,&quot;left&quot;:&quot;0px&quot;},&quot;cardRadius&quot;:&quot;8px&quot;,&quot;cardShadow&quot;:[{&quot;hOffset&quot;:&quot;0px&quot;,&quot;vOffset&quot;:&quot;4px&quot;,&quot;blur&quot;:&quot;8px&quot;,&quot;spreed&quot;:&quot;0px&quot;,&quot;color&quot;:&quot;#0003&quot;}],&quot;contentAlign&quot;:&quot;left&quot;,&quot;contentPadding&quot;:{&quot;top&quot;:&quot;20px&quot;,&quot;right&quot;:&quot;15px&quot;,&quot;bottom&quot;:&quot;15px&quot;,&quot;left&quot;:&quot;15px&quot;},&quot;titleTypo&quot;:{&quot;fontSize&quot;:&quot;20&quot;},&quot;btnTypo&quot;:{&quot;fontSize&quot;:15,&quot;textDecoration&quot;:&quot;none&quot;},&quot;btnAlign&quot;:&quot;left&quot;,&quot;btnPadding&quot;:{&quot;top&quot;:&quot;10px&quot;,&quot;right&quot;:&quot;15px&quot;,&quot;bottom&quot;:&quot;10px&quot;,&quot;left&quot;:&quot;15px&quot;},&quot;btnRadius&quot;:&quot;8px&quot;}'><\/div>\r\n\r\n            \n\n\n<ul class=\"wp-block-list\">\n<li><\/li>\n<\/ul>\n\n\n\n<div class=\"wp-block-group\"><div class=\"wp-block-group__inner-container is-layout-flow wp-block-group-is-layout-flow\"><\/div><\/div>\n\n\n\n<p><\/p>\n","protected":false},"excerpt":{"rendered":"<p>Servi\u00e7os MISS\u00c3O, VIS\u00c3O &amp; VALORES<\/p>\n","protected":false},"author":1,"featured_media":167,"parent":0,"menu_order":0,"comment_status":"closed","ping_status":"closed","template":"","meta":{"footnotes":""},"class_list":["post-2","page","type-page","status-publish","has-post-thumbnail","hentry"],"_links":{"self":[{"href":"https:\/\/fransga.com\/index.php\/wp-json\/wp\/v2\/pages\/2"}],"collection":[{"href":"https:\/\/fransga.com\/index.php\/wp-json\/wp\/v2\/pages"}],"about":[{"href":"https:\/\/fransga.com\/index.php\/wp-json\/wp\/v2\/types\/page"}],"author":[{"embeddable":true,"href":"https:\/\/fransga.com\/index.php\/wp-json\/wp\/v2\/users\/1"}],"replies":[{"embeddable":true,"href":"https:\/\/fransga.com\/index.php\/wp-json\/wp\/v2\/comments?post=2"}],"version-history":[{"count":85,"href":"https:\/\/fransga.com\/index.php\/wp-json\/wp\/v2\/pages\/2\/revisions"}],"predecessor-version":[{"id":567,"href":"https:\/\/fransga.com\/index.php\/wp-json\/wp\/v2\/pages\/2\/revisions\/567"}],"wp:featuredmedia":[{"embeddable":true,"href":"https:\/\/fransga.com\/index.php\/wp-json\/wp\/v2\/media\/167"}],"wp:attachment":[{"href":"https:\/\/fransga.com\/index.php\/wp-json\/wp\/v2\/media?parent=2"}],"curies":[{"name":"wp","href":"https:\/\/api.w.org\/{rel}","templated":true}]}}